{"id":10,"date":"2013-03-05T18:59:23","date_gmt":"2013-03-05T18:59:23","guid":{"rendered":"http:\/\/demos.shapingrain.com\/justlandedwp\/?page_id=10"},"modified":"2018-09-02T17:05:00","modified_gmt":"2018-09-02T10:05:00","slug":"home","status":"publish","type":"page","link":"https:\/\/camerayoosee.com\/v1\/","title":{"rendered":"Camera YooSee"},"content":{"rendered":"<h1>Ph\u00e2n ph\u1ed1i <a href=\"https:\/\/camerayoosee.com\/v1\/v1\" target=\"_blank\" rel=\"noopener\">Camera YooSee<\/a> ch\u00ednh h\u00e3ng<\/h1>\n<p>L\u1eafp \u0111\u1eb7t <a href=\"https:\/\/camerayoosee.com\/v1\/v1\" target=\"_blank\" rel=\"noopener\">Camera kh\u00f4ng d\u00e2y YooSee<\/a> ch\u00ednh h\u00e3ng, nh\u1eadp kh\u1ea9u nguy\u00ean chi\u1ebfc.<\/p>\n","protected":false},"excerpt":{"rendered":"<p>Ph\u00e2n ph\u1ed1i Camera YooSee ch\u00ednh h\u00e3ng L\u1eafp \u0111\u1eb7t Camera kh\u00f4ng d\u00e2y YooSee ch\u00ednh h\u00e3ng, nh\u1eadp kh\u1ea9u nguy\u00ean chi\u1ebfc.<\/p>\n","protected":false},"author":1,"featured_media":2870,"parent":0,"menu_order":0,"comment_status":"closed","ping_status":"open","template":"landingpage.php","meta":{"footnotes":""},"_links":{"self":[{"href":"https:\/\/camerayoosee.com\/v1\/wp-json\/wp\/v2\/pages\/10"}],"collection":[{"href":"https:\/\/camerayoosee.com\/v1\/wp-json\/wp\/v2\/pages"}],"about":[{"href":"https:\/\/camerayoosee.com\/v1\/wp-json\/wp\/v2\/types\/page"}],"author":[{"embeddable":true,"href":"https:\/\/camerayoosee.com\/v1\/wp-json\/wp\/v2\/users\/1"}],"replies":[{"embeddable":true,"href":"https:\/\/camerayoosee.com\/v1\/wp-json\/wp\/v2\/comments?post=10"}],"version-history":[{"count":10,"href":"https:\/\/camerayoosee.com\/v1\/wp-json\/wp\/v2\/pages\/10\/revisions"}],"predecessor-version":[{"id":2294,"href":"https:\/\/camerayoosee.com\/v1\/wp-json\/wp\/v2\/pages\/10\/revisions\/2294"}],"wp:featuredmedia":[{"embeddable":true,"href":"https:\/\/camerayoosee.com\/v1\/wp-json\/wp\/v2\/media\/2870"}],"wp:attachment":[{"href":"https:\/\/camerayoosee.com\/v1\/wp-json\/wp\/v2\/media?parent=10"}],"curies":[{"name":"wp","href":"https:\/\/api.w.org\/{rel}","templated":true}]}}