{"id":1077,"date":"2016-05-23T05:10:31","date_gmt":"2016-05-23T05:10:31","guid":{"rendered":"http:\/\/camerayoosee.com\/?page_id=1077"},"modified":"2017-06-18T04:26:57","modified_gmt":"2017-06-17T21:26:57","slug":"dai-ly-ban-camera-khong-day-yoosee","status":"publish","type":"page","link":"https:\/\/camerayoosee.com\/v1\/dai-ly-ban-camera-khong-day-yoosee","title":{"rendered":"\u0110\u1ea1i l\u00fd b\u00e1n Camera kh\u00f4ng d\u00e2y YooSee"},"content":{"rendered":"<h1 style=\"text-align: center;\"><strong>B\u1ea0N MU\u1ed0N TR\u1ede TH\u00c0NH\u00a0\u0110\u1ea0I L\u00dd C\u1ee6A\u00a0<a href=\"https:\/\/camerayoosee.com\/v1\/v1\" target=\"_blank\" rel=\"noopener noreferrer\">CAMERA YOOSEE<\/a>\u00a0?<\/strong><\/h1>\n<p style=\"text-align: center;\">(Email \u0111\u1ebfn<strong> tienhung@cctvvietnam.com <\/strong>\u0111\u1ec3 nh\u1eadn\u00a0b\u1ea3ng gi\u00e1)<\/p>\n<p style=\"text-align: center;\">\n<p><a href=\"https:\/\/camerayoosee.com\/v1\/v1\"><img loading=\"lazy\" decoding=\"async\" class=\"aligncenter size-full wp-image-1255\" src=\"https:\/\/camerayoosee.com\/v1\/v1\/wp-content\/uploads\/2016\/05\/1.jpg\" alt=\"b\u00e1n bu\u00f4n camera yoosee, camera robot Yoosee, camera robot 2CU, camera wifi Yoosee, camera wifi 2CU, camera kh\u00f4ng d\u00e2y Yoosee, camera kh\u00f4ng d\u00e2y 2CU, camera IP Yoosee, camera IP 2CU, camera khong day Yoosee, camera khong day 2CU, Camera kh\u00f4ng d\u00e2y gi\u00e1 r\u1ebb, Camera khong day gia re, Camera wifi gi\u00e1 r\u1ebb, Camera wifi gia re, l\u1eafp \u0111\u1eb7t camera kh\u00f4ng d\u00e2y, lap dat camera khong day, camera IP gi\u00e1 r\u1ebb, camera IP gia re, camera IP c\u1eafm th\u1ebb nh\u1edb, camera IP cam the nho,\" width=\"1200\" height=\"800\" srcset=\"https:\/\/camerayoosee.com\/v1\/wp-content\/uploads\/2016\/05\/1.jpg 1200w, https:\/\/camerayoosee.com\/v1\/wp-content\/uploads\/2016\/05\/1-300x200.jpg 300w, https:\/\/camerayoosee.com\/v1\/wp-content\/uploads\/2016\/05\/1-768x512.jpg 768w, https:\/\/camerayoosee.com\/v1\/wp-content\/uploads\/2016\/05\/1-1024x683.jpg 1024w, https:\/\/camerayoosee.com\/v1\/wp-content\/uploads\/2016\/05\/1-680x453.jpg 680w\" sizes=\"(max-width: 1200px) 100vw, 1200px\" \/><\/a><\/p>\n<p style=\"text-align: center;\">\n<p style=\"text-align: center;\"><strong>B\u1ea0N MU\u1ed0N TR\u1ede TH\u00c0NH \u0110\u1ea0I L\u00dd C\u1ee6A\u00a0<a href=\"https:\/\/camerayoosee.com\/v1\/v1\" target=\"_blank\" rel=\"noopener noreferrer\">CAMERA YOOSEE<\/a>?\u00a0<\/strong>(Email \u0111\u1ebfn<strong> tienhung@cctvvietnam.com <\/strong>\u0111\u1ec3 nh\u1eadn<b> <\/b>b\u1ea3ng gi\u00e1)<\/p>\n<p>&nbsp;<\/p>\n<p><a href=\"http:\/\/www.camerayoosee.com\" target=\"_blank\" rel=\"noopener noreferrer\"><strong>www.CameraYooSee.com<\/strong><\/a> th\u1ef1c hi\u1ec7n ch\u00ednh s\u00e1ch \u0110\u1ea1i l\u00fd \u0111\u1ed1i v\u1edbi c\u00e1c C\u00e1 nh\u00e2n, T\u1ed5 ch\u1ee9c ph\u00e2n ph\u1ed1i l\u1ea1i s\u1ea3n ph\u1ea9m do ch\u00fang t\u00f4i cung c\u1ea5p. C\u00e1c T\u1ed5 ch\u1ee9c, c\u00e1 nh\u00e2n c\u00f3 nhu c\u1ea7u l\u00e0m \u0110\u1ea1i l\u00fd, vui l\u00f2ng li\u00ean h\u1ec7 tr\u1ef1c ti\u1ebfp v\u1edbi ch\u00fang t\u00f4i theo th\u00f4ng tin b\u00ean d\u01b0\u1edbi:<\/p>\n<p><strong>C\u00d4NG TY TNHH PH\u00c1T TRI\u1ec2N PH\u1ea6N M\u1ec0M VI\u1ec6T NAM (VINASOFT Co.,Ltd)<\/strong><\/p>\n<ul>\n<li><strong>Email: tienhung@cctvvietnam.com<\/strong><\/li>\n<li><strong>Tel: 04 6673 7007<\/strong><\/li>\n<li><strong>Hotline: 0987 238 239 &#8211; 0987 304 305<\/strong><\/li>\n<li><strong>\u0110\u1ecba ch\u1ec9: S\u1ed1 32 Mai H\u1eafc \u0110\u1ebf, Hai B\u00e0 Tr\u01b0ng, H\u00e0 N\u1ed9i<\/strong><\/li>\n<\/ul>\n","protected":false},"excerpt":{"rendered":"<p>B\u1ea0N MU\u1ed0N TR\u1ede TH\u00c0NH\u00a0\u0110\u1ea0I L\u00dd C\u1ee6A\u00a0CAMERA YOOSEE\u00a0? (Email \u0111\u1ebfn tienhung@cctvvietnam.com \u0111\u1ec3 nh\u1eadn\u00a0b\u1ea3ng gi\u00e1) B\u1ea0N MU\u1ed0N TR\u1ede TH\u00c0NH \u0110\u1ea0I L\u00dd C\u1ee6A\u00a0CAMERA YOOSEE?\u00a0(Email \u0111\u1ebfn tienhung@cctvvietnam.com \u0111\u1ec3 nh\u1eadn b\u1ea3ng gi\u00e1) &nbsp; www.CameraYooSee.com th\u1ef1c hi\u1ec7n ch\u00ednh s\u00e1ch \u0110\u1ea1i l\u00fd \u0111\u1ed1i v\u1edbi c\u00e1c C\u00e1 nh\u00e2n, T\u1ed5 ch\u1ee9c ph\u00e2n ph\u1ed1i l\u1ea1i s\u1ea3n ph\u1ea9m do ch\u00fang t\u00f4i cung c\u1ea5p. C\u00e1c T\u1ed5 ch\u1ee9c, [&hellip;]<\/p>\n","protected":false},"author":1,"featured_media":0,"parent":0,"menu_order":0,"comment_status":"closed","ping_status":"closed","template":"","meta":{"footnotes":""},"_links":{"self":[{"href":"https:\/\/camerayoosee.com\/v1\/wp-json\/wp\/v2\/pages\/1077"}],"collection":[{"href":"https:\/\/camerayoosee.com\/v1\/wp-json\/wp\/v2\/pages"}],"about":[{"href":"https:\/\/camerayoosee.com\/v1\/wp-json\/wp\/v2\/types\/page"}],"author":[{"embeddable":true,"href":"https:\/\/camerayoosee.com\/v1\/wp-json\/wp\/v2\/users\/1"}],"replies":[{"embeddable":true,"href":"https:\/\/camerayoosee.com\/v1\/wp-json\/wp\/v2\/comments?post=1077"}],"version-history":[{"count":11,"href":"https:\/\/camerayoosee.com\/v1\/wp-json\/wp\/v2\/pages\/1077\/revisions"}],"predecessor-version":[{"id":2112,"href":"https:\/\/camerayoosee.com\/v1\/wp-json\/wp\/v2\/pages\/1077\/revisions\/2112"}],"wp:attachment":[{"href":"https:\/\/camerayoosee.com\/v1\/wp-json\/wp\/v2\/media?parent=1077"}],"curies":[{"name":"wp","href":"https:\/\/api.w.org\/{rel}","templated":true}]}}