{"id":1188,"date":"2016-09-02T16:24:40","date_gmt":"2016-09-02T09:24:40","guid":{"rendered":"http:\/\/camerayoosee.com\/?page_id=1188"},"modified":"2016-10-04T14:21:13","modified_gmt":"2016-10-04T07:21:13","slug":"luu-tru-dam-may-cloud-storage","status":"publish","type":"page","link":"https:\/\/camerayoosee.com\/v1\/luu-tru-dam-may-cloud-storage","title":{"rendered":"L\u01b0u tr\u1eef \u0111\u00e1m m\u00e2y (Cloud Storage)"},"content":{"rendered":"<h1 style=\"text-align: center;\">Cloud Storage for Camera\u00a0&#8211; Ghi h\u00ecnh camera l\u00ean \u1ed5 c\u1ee9ng \u0111\u00e1m m\u00e2y<\/h1>\n<p style=\"text-align: justify;\"><strong>L\u01b0u tr\u1eef video ghi h\u00ecnh l\u00e0 th\u00e0nh ph\u1ea7n kh\u00f4ng th\u1ec3 thi\u1ebfu trong 1 h\u1ec7 th\u1ed1ng camera gi\u00e1m s\u00e1t ho\u1eb7c trong 1 Camera gi\u00e1m s\u00e1t \u0111\u01a1n l\u1ebb. C\u00e1c m\u00f4 h\u00ecnh l\u01b0u tr\u1eef video camera truy\u1ec1n th\u1ed1ng th\u01b0\u1eddng d\u00f9ng c\u00e1c thi\u1ebft b\u1ecb l\u01b0u tr\u1eef c\u1ee5c b\u1ed9 (local storage) nh\u01b0 \u1ed4 c\u1ee9ng (HDD), Th\u1ebb nh\u1edb (TF-Card, SD-Card)&#8230; t\u00edch h\u1ee3p v\u1edbi Camera th\u00f4ng qua \u0111\u1ea7u ghi h\u00ecnh ho\u1eb7c tr\u1ef1c ti\u1ebfp tr\u00ean th\u00e2n camera. Khi c\u00f3 s\u1ef1 c\u1ed1 v\u1ec1 an ninh, ng\u01b0\u1eddi s\u1eed d\u1ee5ng b\u1eaft \u0111\u1ea7u xem l\u1ea1i c\u00e1c video camera \u0111\u00e3 ghi h\u00ecnh tr\u01b0\u1edbc \u0111\u00f3 \u0111\u1ec3 x\u00e1c \u0111\u1ecbnh s\u1ef1 vi\u1ec7c.<\/strong><\/p>\n<p style=\"text-align: justify;\"><a href=\"https:\/\/camerayoosee.com\/v1\/v1\/luu-tru-dam-may-cloud-storage\/cloud-storage-2\" rel=\"attachment wp-att-1511\"><img loading=\"lazy\" decoding=\"async\" class=\"aligncenter size-full wp-image-1511\" src=\"https:\/\/camerayoosee.com\/v1\/v1\/wp-content\/uploads\/2016\/09\/cloud-storage-2.png\" alt=\"Ghi h\u00ecnh l\u00ean cloud, ghi h\u00ecnh camera l\u00ean cloud, mi\u1ec5n ph\u00ed cloud ghi h\u00ecnh camera, l\u00e0m th\u1ebf n\u00e0o ghi h\u00ecnh camera l\u00ean c loud, cloud camera, cloud storage for camera, Camera kh\u00f4ng d\u00e2y YooSee, Camera khong day Yoosee, Camera kh\u00f4ng d\u00e2y gi\u00e1 r\u1ebb, camera khong day gia re, Camera wifi gi\u00e1 r\u1ebb, camera wifi gia re, l\u1eafp \u0111\u1eb7t camera kh\u00f4ng d\u00e2y, lap dat camera khong day, gi\u00e1 camera IP, gia camera IP, gi\u00e1 camera kh\u00f4ng d\u00e2y, gia camera khong day, camera kh\u00f4ng d\u00e2y n\u00e0o t\u1ed1t, camera khong day nao tot, lap dat camera wifi, l\u1eafp \u0111\u1eb7t camera wifi, gi\u00e1 camera wifi, gia camera wifi, camera kh\u00f4ng d\u00e2y, camera khong day, camera yoosee, camera 2cu, camera wifi, camera ip, camera quay qu\u00e9t, camera \u0111i\u1ec1u khi\u1ec3n qua \u0111i\u1ec7n tho\u1ea1i, camera ghi h\u00ecnh th\u1ebb nh\u1edb, camera khong day nao tot, mua camera khong day loai tot o dau, camera giam sat, camera gi\u00e1m s\u00e1t, camera h\u00e0nh tr\u00ecnh, camera quan s\u00e1t, camera ghi \u00e2m, camera ghi am, camera yoosee, camera kh\u00f4ng d\u00e2y, camera khong day, b\u00e1n bu\u00f4n camera yoosee, b\u00e1n s\u1ec9 camera yoosee, ch\u00ednh s\u00e1ch \u0111\u1ea1i l\u00fd camera yoosee, ph\u00e2n ph\u1ed1i camera yoosee, Camera Yoosee gi\u00e1 r\u1ebb, b\u00e1n camera yoosee gi\u00e1 r\u1ebb, B\u00e1n Camera kh\u00f4ng d\u00e2y gi\u00e1 r\u1ebb, L\u1eafp \u0111\u1eb7t Camera kh\u00f4ng d\u00e2y Yoosee t\u1ea1i nh\u00e0\" width=\"771\" height=\"677\" srcset=\"https:\/\/camerayoosee.com\/v1\/wp-content\/uploads\/2016\/09\/cloud-storage-2.png 771w, https:\/\/camerayoosee.com\/v1\/wp-content\/uploads\/2016\/09\/cloud-storage-2-300x263.png 300w, https:\/\/camerayoosee.com\/v1\/wp-content\/uploads\/2016\/09\/cloud-storage-2-768x674.png 768w, https:\/\/camerayoosee.com\/v1\/wp-content\/uploads\/2016\/09\/cloud-storage-2-680x597.png 680w\" sizes=\"(max-width: 771px) 100vw, 771px\" \/><\/a><\/p>\n<p style=\"text-align: justify;\">M\u1ecdi vi\u1ec7c s\u1ebd r\u1ea5t t\u1ed1t, r\u1ea5t \u1ed5n v\u00ec ch\u1ec9 c\u1ea7n Playback (xem l\u1ea1i) l\u00e0 x\u00e1c \u0111\u1ecbnh ngay \u0111\u01b0\u1ee3c c\u00e1c v\u1ea5n \u0111\u1ec1 an ninh do camera ghi l\u1ea1i. Tuy nhi\u00ean, b\u1ea1n s\u1ebd x\u1eed l\u00fd nh\u01b0 th\u1ebf n\u00e0o n\u1ebfu c\u00e1c t\u00ecnh hu\u1ed1ng sau x\u1ea3y ra:<br \/>\n&#8211; Camera b\u1ecb s\u1ef1 c\u1ed1 ch\u00e1y n\u1ed5 l\u00e0m h\u1ecfng c\u1ea3 b\u1ed9 ph\u1eadn l\u01b0u tr\u1eef d\u1eef li\u1ec7u.<br \/>\n&#8211; K\u1ebb gian \u0111\u1ed9t nh\u1eadp s\u1eb5n s\u00e0ng l\u1ea5y \u0111i c\u1ea3 h\u1ec7 th\u1ed1ng Camera (\u0111\u01a1n gi\u1ea3n ch\u1ec9 c\u1ea7n l\u1ea5y \u0111i \u0110\u1ea7u ghi h\u00ecnh Camera ho\u1eb7c \u1ed4 c\u1ee9ng l\u01b0u tr\u1eef, th\u1ebb nh\u1edb l\u01b0u tr\u1eef&#8230;) th\u1eadm ch\u00ed l\u00e0 l\u1ea5y lu\u00f4n c\u1ea3 camera bao g\u1ed3m c\u00f3 th\u1ebb nh\u1edb trong \u0111\u00f3.<br \/>\n&#8211; V\u0103n ph\u00f2ng, c\u00f4ng ty, c\u1eeda h\u00e0ng, nh\u00e0 kho&#8230; x\u1ea3y ra s\u1ef1 c\u1ed1 thi\u00ean tai, ng\u1eadp l\u1ee5t, h\u1ecfa ho\u1ea1n&#8230; l\u00e0m h\u1ecfng to\u00e0n b\u1ed9 thi\u1ebft b\u1ecb l\u01b0u tr\u1eef Camera.<br \/>\n&#8211; C\u00e1c v\u1ea5n \u0111\u1ec1 h\u01b0 h\u1ecfng ph\u1ea7n c\u1ee9ng thi\u1ebft b\u1ecb l\u01b0u tr\u1eef (ch\u1ebft, h\u1ecfng \u1ed5 c\u1ee9ng ghi h\u00ecnh, h\u1ecfng th\u1ebb nh\u1edb ghi h\u00ecnh&#8230;)<br \/>\n&#8211; V\u00e0 nhi\u1ec1u nguy\u00ean nh\u00e2n kh\u00e1c n\u1eefa nh\u01b0 ph\u00e1 ho\u1ea1i, do l\u1ed7i ch\u1ee7 quan x\u00f3a nh\u1ea7m d\u1eef li\u1ec7u c\u1ee7a ng\u01b0\u1eddi d\u00f9ng&#8230;<\/p>\n<p style=\"text-align: justify;\">D\u1ecbch v\u1ee5 L\u01b0u tr\u1eef \u0111i\u1ec7n to\u00e1n \u0111\u00e1m m\u00e2y (Cloud Storage) s\u1ebd gi\u00fap b\u1ea1n gi\u1ea3i quy\u1ebft v\u1ea5n \u0111\u1ec1 tr\u00ean. \u0110\u01a1n gi\u1ea3n, b\u1ea1n ch\u1ec9 c\u1ea7n y\u00eau c\u1ea7u ch\u00fang t\u00f4i cung c\u1ea5p d\u1ecbch v\u1ee5 v\u00e0 thanh to\u00e1n 1 kho\u1ea3n ph\u00ed nh\u1ecf \u0111\u1ec3 \u0111\u1ea3m b\u1ea3o cho v\u1ea5n \u0111\u1ec1 an to\u00e0n d\u1eef li\u1ec7u camera an ninh c\u1ee7a b\u1ea1n.<\/p>\n<p style=\"text-align: justify;\"><em>Qu\u1ea3n l\u00fd v\u00e0 tr\u00edch xu\u1ea5t video chu\u1ea9n MP4 ngay tr\u00ean h\u1ec7 th\u1ed1ng cloud theo t\u1eebng khung gi\u1edd m\u00e0 b\u1ea1n ch\u1ecdn.<\/em><\/p>\n<p style=\"text-align: justify;\"><a href=\"https:\/\/camerayoosee.com\/v1\/v1\/luu-tru-dam-may-cloud-storage\/cloud-storage-3\" rel=\"attachment wp-att-1513\"><img loading=\"lazy\" decoding=\"async\" class=\"aligncenter size-full wp-image-1513\" src=\"https:\/\/camerayoosee.com\/v1\/v1\/wp-content\/uploads\/2016\/09\/cloud-storage-3.png\" alt=\"Ghi h\u00ecnh l\u00ean cloud, ghi h\u00ecnh camera l\u00ean cloud, mi\u1ec5n ph\u00ed cloud ghi h\u00ecnh camera, l\u00e0m th\u1ebf n\u00e0o ghi h\u00ecnh camera l\u00ean c loud, cloud camera, cloud storage for camera, Camera kh\u00f4ng d\u00e2y YooSee, Camera khong day Yoosee, Camera kh\u00f4ng d\u00e2y gi\u00e1 r\u1ebb, camera khong day gia re, Camera wifi gi\u00e1 r\u1ebb, camera wifi gia re, l\u1eafp \u0111\u1eb7t camera kh\u00f4ng d\u00e2y, lap dat camera khong day, gi\u00e1 camera IP, gia camera IP, gi\u00e1 camera kh\u00f4ng d\u00e2y, gia camera khong day, camera kh\u00f4ng d\u00e2y n\u00e0o t\u1ed1t, camera khong day nao tot, lap dat camera wifi, l\u1eafp \u0111\u1eb7t camera wifi, gi\u00e1 camera wifi, gia camera wifi, camera kh\u00f4ng d\u00e2y, camera khong day, camera yoosee, camera 2cu, camera wifi, camera ip, camera quay qu\u00e9t, camera \u0111i\u1ec1u khi\u1ec3n qua \u0111i\u1ec7n tho\u1ea1i, camera ghi h\u00ecnh th\u1ebb nh\u1edb, camera khong day nao tot, mua camera khong day loai tot o dau, camera giam sat, camera gi\u00e1m s\u00e1t, camera h\u00e0nh tr\u00ecnh, camera quan s\u00e1t, camera ghi \u00e2m, camera ghi am, camera yoosee, camera kh\u00f4ng d\u00e2y, camera khong day, b\u00e1n bu\u00f4n camera yoosee, b\u00e1n s\u1ec9 camera yoosee, ch\u00ednh s\u00e1ch \u0111\u1ea1i l\u00fd camera yoosee, ph\u00e2n ph\u1ed1i camera yoosee, Camera Yoosee gi\u00e1 r\u1ebb, b\u00e1n camera yoosee gi\u00e1 r\u1ebb, B\u00e1n Camera kh\u00f4ng d\u00e2y gi\u00e1 r\u1ebb, L\u1eafp \u0111\u1eb7t Camera kh\u00f4ng d\u00e2y Yoosee t\u1ea1i nh\u00e0\" width=\"389\" height=\"550\" srcset=\"https:\/\/camerayoosee.com\/v1\/wp-content\/uploads\/2016\/09\/cloud-storage-3.png 389w, https:\/\/camerayoosee.com\/v1\/wp-content\/uploads\/2016\/09\/cloud-storage-3-212x300.png 212w\" sizes=\"(max-width: 389px) 100vw, 389px\" \/><\/a><\/p>\n<p style=\"text-align: justify;\">H\u1ec7 th\u1ed1ng m\u00e1y ch\u1ee7 Cloud s\u1ebd gi\u00fap b\u1ea1n x\u1eed l\u00fd video trong gi\u00e2y l\u00e1t theo c\u00e1c file d\u1eef li\u1ec7u vido c\u00f3 th\u1eddi l\u01b0\u1ee3ng 1 gi\u1edd ghi h\u00ecnh \u0111\u1ec3 thu\u1eadn ti\u1ec7n xem l\u1ea1i v\u00e0 t\u1ea3i v\u1ec1 m\u00e1y t\u00ednh c\u1ee7a b\u1ea1n.<\/p>\n<p style=\"text-align: justify;\"><a href=\"https:\/\/camerayoosee.com\/v1\/v1\/luu-tru-dam-may-cloud-storage\/cloud-storage\" rel=\"attachment wp-att-1512\"><img loading=\"lazy\" decoding=\"async\" class=\"aligncenter size-full wp-image-1512\" src=\"https:\/\/camerayoosee.com\/v1\/v1\/wp-content\/uploads\/2016\/09\/cloud-storage.png\" alt=\"Ghi h\u00ecnh l\u00ean cloud, ghi h\u00ecnh camera l\u00ean cloud, mi\u1ec5n ph\u00ed cloud ghi h\u00ecnh camera, l\u00e0m th\u1ebf n\u00e0o ghi h\u00ecnh camera l\u00ean c loud, cloud camera, cloud storage for camera, Camera kh\u00f4ng d\u00e2y YooSee, Camera khong day Yoosee, Camera kh\u00f4ng d\u00e2y gi\u00e1 r\u1ebb, camera khong day gia re, Camera wifi gi\u00e1 r\u1ebb, camera wifi gia re, l\u1eafp \u0111\u1eb7t camera kh\u00f4ng d\u00e2y, lap dat camera khong day, gi\u00e1 camera IP, gia camera IP, gi\u00e1 camera kh\u00f4ng d\u00e2y, gia camera khong day, camera kh\u00f4ng d\u00e2y n\u00e0o t\u1ed1t, camera khong day nao tot, lap dat camera wifi, l\u1eafp \u0111\u1eb7t camera wifi, gi\u00e1 camera wifi, gia camera wifi, camera kh\u00f4ng d\u00e2y, camera khong day, camera yoosee, camera 2cu, camera wifi, camera ip, camera quay qu\u00e9t, camera \u0111i\u1ec1u khi\u1ec3n qua \u0111i\u1ec7n tho\u1ea1i, camera ghi h\u00ecnh th\u1ebb nh\u1edb, camera khong day nao tot, mua camera khong day loai tot o dau, camera giam sat, camera gi\u00e1m s\u00e1t, camera h\u00e0nh tr\u00ecnh, camera quan s\u00e1t, camera ghi \u00e2m, camera ghi am, camera yoosee, camera kh\u00f4ng d\u00e2y, camera khong day, b\u00e1n bu\u00f4n camera yoosee, b\u00e1n s\u1ec9 camera yoosee, ch\u00ednh s\u00e1ch \u0111\u1ea1i l\u00fd camera yoosee, ph\u00e2n ph\u1ed1i camera yoosee, Camera Yoosee gi\u00e1 r\u1ebb, b\u00e1n camera yoosee gi\u00e1 r\u1ebb, B\u00e1n Camera kh\u00f4ng d\u00e2y gi\u00e1 r\u1ebb, L\u1eafp \u0111\u1eb7t Camera kh\u00f4ng d\u00e2y Yoosee t\u1ea1i nh\u00e0\" width=\"690\" height=\"197\" srcset=\"https:\/\/camerayoosee.com\/v1\/wp-content\/uploads\/2016\/09\/cloud-storage.png 690w, https:\/\/camerayoosee.com\/v1\/wp-content\/uploads\/2016\/09\/cloud-storage-300x86.png 300w, https:\/\/camerayoosee.com\/v1\/wp-content\/uploads\/2016\/09\/cloud-storage-680x194.png 680w\" sizes=\"(max-width: 690px) 100vw, 690px\" \/><\/a><\/p>\n<p style=\"text-align: justify;\">Cloud Server \u0111\u01b0\u1ee3c \u0111\u1eb7t t\u1ea1i Vi\u1ec7t Nam cho t\u1ed1c \u0111\u1ed9 download nhanh, ti\u1ebft ki\u1ec7m th\u1eddi gian.<\/p>\n<p style=\"text-align: justify;\"><a href=\"https:\/\/camerayoosee.com\/v1\/v1\/luu-tru-dam-may-cloud-storage\/cloud-storage-4\" rel=\"attachment wp-att-1514\"><img loading=\"lazy\" decoding=\"async\" class=\"aligncenter size-full wp-image-1514\" src=\"https:\/\/camerayoosee.com\/v1\/v1\/wp-content\/uploads\/2016\/09\/cloud-storage-4.png\" alt=\"Ghi h\u00ecnh l\u00ean cloud, ghi h\u00ecnh camera l\u00ean cloud, mi\u1ec5n ph\u00ed cloud ghi h\u00ecnh camera, l\u00e0m th\u1ebf n\u00e0o ghi h\u00ecnh camera l\u00ean c loud, cloud camera, cloud storage for camera, Camera kh\u00f4ng d\u00e2y YooSee, Camera khong day Yoosee, Camera kh\u00f4ng d\u00e2y gi\u00e1 r\u1ebb, camera khong day gia re, Camera wifi gi\u00e1 r\u1ebb, camera wifi gia re, l\u1eafp \u0111\u1eb7t camera kh\u00f4ng d\u00e2y, lap dat camera khong day, gi\u00e1 camera IP, gia camera IP, gi\u00e1 camera kh\u00f4ng d\u00e2y, gia camera khong day, camera kh\u00f4ng d\u00e2y n\u00e0o t\u1ed1t, camera khong day nao tot, lap dat camera wifi, l\u1eafp \u0111\u1eb7t camera wifi, gi\u00e1 camera wifi, gia camera wifi, camera kh\u00f4ng d\u00e2y, camera khong day, camera yoosee, camera 2cu, camera wifi, camera ip, camera quay qu\u00e9t, camera \u0111i\u1ec1u khi\u1ec3n qua \u0111i\u1ec7n tho\u1ea1i, camera ghi h\u00ecnh th\u1ebb nh\u1edb, camera khong day nao tot, mua camera khong day loai tot o dau, camera giam sat, camera gi\u00e1m s\u00e1t, camera h\u00e0nh tr\u00ecnh, camera quan s\u00e1t, camera ghi \u00e2m, camera ghi am, camera yoosee, camera kh\u00f4ng d\u00e2y, camera khong day, b\u00e1n bu\u00f4n camera yoosee, b\u00e1n s\u1ec9 camera yoosee, ch\u00ednh s\u00e1ch \u0111\u1ea1i l\u00fd camera yoosee, ph\u00e2n ph\u1ed1i camera yoosee, Camera Yoosee gi\u00e1 r\u1ebb, b\u00e1n camera yoosee gi\u00e1 r\u1ebb, B\u00e1n Camera kh\u00f4ng d\u00e2y gi\u00e1 r\u1ebb, L\u1eafp \u0111\u1eb7t Camera kh\u00f4ng d\u00e2y Yoosee t\u1ea1i nh\u00e0\" width=\"627\" height=\"126\" srcset=\"https:\/\/camerayoosee.com\/v1\/wp-content\/uploads\/2016\/09\/cloud-storage-4.png 627w, https:\/\/camerayoosee.com\/v1\/wp-content\/uploads\/2016\/09\/cloud-storage-4-300x60.png 300w\" sizes=\"(max-width: 627px) 100vw, 627px\" \/><\/a><\/p>\n<p style=\"text-align: justify;\">V\u00e0&#8230; b\u1ea1n ch\u1ec9 vi\u1ec7c xem l\u1ea1i video camera v\u1edbi ch\u1ea5t l\u01b0\u1ee3ng HD v\u01b0\u1ee3t ngo\u00e0i s\u1ef1 mong \u0111\u1ee3i.<\/p>\n<p style=\"text-align: justify;\"><a href=\"https:\/\/camerayoosee.com\/v1\/v1\/luu-tru-dam-may-cloud-storage\/cloud-storage-6\" rel=\"attachment wp-att-1515\"><img loading=\"lazy\" decoding=\"async\" class=\"aligncenter wp-image-1515\" src=\"https:\/\/camerayoosee.com\/v1\/v1\/wp-content\/uploads\/2016\/09\/cloud-storage-6.png\" alt=\"Ghi h\u00ecnh l\u00ean cloud, ghi h\u00ecnh camera l\u00ean cloud, mi\u1ec5n ph\u00ed cloud ghi h\u00ecnh camera, l\u00e0m th\u1ebf n\u00e0o ghi h\u00ecnh camera l\u00ean c loud, cloud camera, cloud storage for camera, Camera kh\u00f4ng d\u00e2y YooSee, Camera khong day Yoosee, Camera kh\u00f4ng d\u00e2y gi\u00e1 r\u1ebb, camera khong day gia re, Camera wifi gi\u00e1 r\u1ebb, camera wifi gia re, l\u1eafp \u0111\u1eb7t camera kh\u00f4ng d\u00e2y, lap dat camera khong day, gi\u00e1 camera IP, gia camera IP, gi\u00e1 camera kh\u00f4ng d\u00e2y, gia camera khong day, camera kh\u00f4ng d\u00e2y n\u00e0o t\u1ed1t, camera khong day nao tot, lap dat camera wifi, l\u1eafp \u0111\u1eb7t camera wifi, gi\u00e1 camera wifi, gia camera wifi, camera kh\u00f4ng d\u00e2y, camera khong day, camera yoosee, camera 2cu, camera wifi, camera ip, camera quay qu\u00e9t, camera \u0111i\u1ec1u khi\u1ec3n qua \u0111i\u1ec7n tho\u1ea1i, camera ghi h\u00ecnh th\u1ebb nh\u1edb, camera khong day nao tot, mua camera khong day loai tot o dau, camera giam sat, camera gi\u00e1m s\u00e1t, camera h\u00e0nh tr\u00ecnh, camera quan s\u00e1t, camera ghi \u00e2m, camera ghi am, camera yoosee, camera kh\u00f4ng d\u00e2y, camera khong day, b\u00e1n bu\u00f4n camera yoosee, b\u00e1n s\u1ec9 camera yoosee, ch\u00ednh s\u00e1ch \u0111\u1ea1i l\u00fd camera yoosee, ph\u00e2n ph\u1ed1i camera yoosee, Camera Yoosee gi\u00e1 r\u1ebb, b\u00e1n camera yoosee gi\u00e1 r\u1ebb, B\u00e1n Camera kh\u00f4ng d\u00e2y gi\u00e1 r\u1ebb, L\u1eafp \u0111\u1eb7t Camera kh\u00f4ng d\u00e2y Yoosee t\u1ea1i nh\u00e0\" width=\"698\" height=\"531\" srcset=\"https:\/\/camerayoosee.com\/v1\/wp-content\/uploads\/2016\/09\/cloud-storage-6.png 867w, https:\/\/camerayoosee.com\/v1\/wp-content\/uploads\/2016\/09\/cloud-storage-6-300x228.png 300w, https:\/\/camerayoosee.com\/v1\/wp-content\/uploads\/2016\/09\/cloud-storage-6-768x585.png 768w, https:\/\/camerayoosee.com\/v1\/wp-content\/uploads\/2016\/09\/cloud-storage-6-680x518.png 680w\" sizes=\"(max-width: 698px) 100vw, 698px\" \/><\/a><\/p>\n<p style=\"text-align: justify;\"><strong>\u01afu \u0111i\u1ec3m c\u1ee7a D\u1ecbch v\u1ee5 l\u01b0u tr\u1eef \u0111\u00e1m m\u00e2y (Cloud storage):<\/strong><\/p>\n<ul style=\"text-align: justify;\">\n<li>Ghi h\u00ecnh camera l\u00ean h\u1ec7 th\u1ed1ng m\u00e1y ch\u1ee7 \u0111i\u1ec7n to\u00e1n \u0111\u00e1m m\u00e2y do CCTV Vi\u1ec7t Nam cung c\u1ea5p.<\/li>\n<li>Kh\u00f4ng c\u1ea7n \u0111\u1ea7u t\u01b0 \u1ed5 c\u1ee9ng ghi h\u00ecnh ho\u1eb7c th\u1ebb nh\u1edb ghi h\u00ecnh.<\/li>\n<li>Video camera \u0111\u01b0\u1ee3c l\u01b0u tr\u1eef an to\u00e0n t\u1ea1i kho d\u1eef li\u1ec7u \u0111\u00e1m m\u00e2y c\u1ee7a CCTV Vi\u1ec7t Nam, lu\u00f4n s\u1eb5n s\u00e0ng cho b\u1ea1n\u00a0xem l\u1ea1i ho\u1eb7c download v\u1ec1 v\u1edbi \u0111\u1ecbnh d\u1ea1ng ti\u00eau chu\u1ea9n .MP4 gi\u00fap b\u1ea1n c\u00f3 th\u1ec3 cung c\u1ea5p d\u1eef li\u1ec7u cho c\u01a1 quan ch\u1ee9c n\u0103ng khi c\u1ea7n \u0111i\u1ec1u tra l\u1ea1i c\u00e1c v\u1ea5n \u0111\u1ec1 an ninh \u0111\u00e3 \u0111\u01b0\u1ee3c camera ghi l\u1ea1i.<\/li>\n<li>K\u1ebb gian c\u00f3 th\u1ec3 ph\u00e1 h\u1ee7y h\u1ec7 th\u1ed1ng camera ho\u1eb7c tr\u1ed9m c\u1eafp lu\u00f4n c\u1ea3 h\u1ec7 th\u1ed1ng camera bao g\u1ed3m thi\u1ebft b\u1ecb l\u01b0u tr\u1eef ghi l\u1ea1i h\u00ecnh \u1ea3nh nh\u01b0 th\u1ebb nh\u1edb, \u1ed5 c\u1ee9ng ghi h\u00ecnh&#8230; nh\u01b0ng b\u1ea1n v\u1eabn y\u00ean t\u00e2m v\u00ec d\u1eef li\u1ec7u tr\u01b0\u1edbc \u0111\u00f3 \u0111\u00e3 \u0111\u01b0\u1ee3c ghi h\u00ecnh t\u1ea1i m\u1ed9t &#8220;n\u01a1i kh\u00e1c&#8221; m\u00e0 ch\u1ec9 c\u00f3 1 m\u00ecnh b\u1ea1n c\u00f3 th\u1ec3 xem ho\u1eb7c t\u1ea3i v\u1ec1.<\/li>\n<li>Dung l\u01b0\u1ee3ng v\u00e0 th\u1eddi l\u01b0\u1ee3ng l\u01b0u tr\u1eef, ghi h\u00ecnh \u0111\u01b0\u1ee3c ph\u00e9p n\u00e2ng c\u1ea5p kh\u00f4ng gi\u1edbi h\u1ea1n t\u00f9y v\u00e0o kh\u1ea3 n\u0103ng t\u00e0i ch\u00ednh c\u1ee7a b\u1ea1n, b\u1ea1n c\u00f3 th\u1ec3 ghi h\u00ecnh t\u1eeb 1 ng\u00e0y cho t\u1edbi 1 th\u00e1ng, 1 n\u0103m ho\u1eb7c th\u1eadm ch\u00ed h\u01a1n n\u1eefa.<\/li>\n<li>Chi ph\u00ed \u0111\u01b0\u1ee3c t\u00ednh tr\u00ean t\u1eebng camera, kh\u00f4ng g\u00e2y ra l\u00e3ng ph\u00ed, c\u1ea7n l\u01b0u tr\u1eef \u0111\u00e1m m\u00e2y camera n\u00e0o th\u00ec b\u1ea1n ch\u1ec9 tr\u1ea3 ti\u1ec1n cho camera \u0111\u00f3.<\/li>\n<li>Ghi h\u00ecnh theo ch\u1ebf \u0111\u1ed9 ph\u00e1t hi\u1ec7n chuy\u1ec3n \u0111\u1ed9ng, khi c\u00f3 chuy\u1ec3n \u0111\u1ed9ng trong v\u00f9ng quan s\u00e1t m\u1edbi th\u1ef1c hi\u1ec7n ghi h\u00ecnh, v\u00ec v\u1eady b\u1ea1n s\u1ebd ti\u1ebft ki\u1ec7m chi ph\u00ed mua dung l\u01b0\u1ee3ng ghi h\u00ecnh.<\/li>\n<li>T\u1ea1o ra nguy\u00ean t\u1eafc v\u0103n minh trong s\u1eed d\u1ee5ng thi\u1ebft b\u1ecb an ninh gi\u00e1m s\u00e1t, d\u1eef li\u1ec7u ph\u00e2n t\u00e1n, gia t\u0103ng t\u00ednh hi\u1ec7u qu\u1ea3 v\u00e0 m\u1ee9c \u0111\u1ed9 an to\u00e0n l\u00ean cao nh\u1ea5t.<\/li>\n<\/ul>\n<p style=\"text-align: justify;\">Nh\u01b0\u1ee3c \u0111i\u1ec3m:<\/p>\n<ul style=\"text-align: justify;\">\n<li>D\u1eef li\u1ec7u video camera \u0111\u01b0\u1ee3c ghi h\u00ecnh l\u00ean h\u1ec7 th\u1ed1ng l\u01b0u tr\u1eef \u0111i\u1ec7n to\u00e1n \u0111\u00e1m m\u00e2y c\u1ea7n c\u00f3 \u0111\u01b0\u1eddng truy\u1ec1n internet ho\u1ea1t \u0111\u1ed9ng 24h\/24h.<\/li>\n<li>M\u1ee9c \u0111\u1ed9 \u0111\u1ea3m b\u1ea3o \u1ed5n \u0111\u1ecbnh c\u1ee7a \u0111\u01b0\u1eddng truy\u1ec1n intetnet v\u00e0 ngu\u1ed3n \u0111i\u1ec7n cho h\u1ec7 th\u1ed1ng ho\u1ea1t \u0111\u1ed9ng li\u00ean t\u1ee5c y\u00eau c\u1ea7u cao h\u01a1n 1 ch\u00fat so v\u1edbi ph\u01b0\u01a1ng ph\u00e1p l\u01b0u tr\u1eef truy\u1ec1n th\u1ed1ng.<\/li>\n<li>Khi m\u1ea1ng internet b\u1ecb m\u1ea5t k\u1ebft n\u1ed1i, b\u1ecb r\u1edbt m\u1ea1ng, th\u1eddi \u0111i\u1ec3m \u0111\u00f3 s\u1ebd kh\u00f4ng th\u1ec3 ghi h\u00ecnh l\u00ean h\u1ec7 th\u1ed1ng l\u01b0u tr\u1eef \u0111i\u1ec7n to\u00e1n \u0111\u00e1m m\u00e2y.<\/li>\n<\/ul>\n<p style=\"text-align: justify;\">Tuy c\u00f3 m\u1ed9t s\u1ed1 nh\u01b0\u1ee3c \u0111i\u1ec3m nh\u1ecf nh\u01b0ng ph\u01b0\u01a1ng ph\u00e1p ghi h\u00ecnh l\u00ean h\u1ec7 th\u1ed1ng \u0111i\u1ec7n to\u00e1n \u0111\u00e1m m\u00e2y \u0111ang tr\u1edf th\u00e0nh xu h\u01b0\u1edbng t\u1ea5t y\u1ebfu v\u00e0 b\u1ea1n s\u1ebd th\u1ea5y n\u00f3 &#8220;gi\u00e1 tr\u1ecb nh\u01b0 th\u1ebf n\u00e0o&#8221; khi h\u1ec7 th\u1ed1ng camera c\u1ee7a b\u1ea1n b\u1ecb k\u1ebb \u0111\u1ed9t nh\u1eadp &#8220;th\u1ee7 ti\u00eau&#8221;, l\u1ea5y \u0111i \u1ed5 c\u1ee9ng ho\u1eb7c th\u1ebb nh\u1edb l\u01b0u tr\u1eef d\u1eef li\u1ec7u, th\u1eadm ch\u00ed l\u1ea5y \u0111i c\u1ea3 \u0111\u1ea7u ghi h\u00ecnh hay camera&#8230; Ngo\u00e0i ra, c\u00e1c tr\u01b0\u1eddng h\u1ee3p x\u1ea5u nh\u1ea5t nh\u01b0 h\u1ecfa ho\u1ea1n, thi\u00ean tai&#8230; c\u0169ng khi\u1ebfn cho b\u1ea1n m\u1ea5t ho\u00e0n to\u00e0n d\u1eef li\u1ec7u khi h\u00ecnh qu\u00fd gi\u00e1 tr\u01b0\u1edbc \u0111\u00f3.<\/p>\n<p style=\"text-align: justify;\">V\u1edbi m\u1ee9c chi ph\u00ed &#8220;ch\u1ecbu \u0111\u01b0\u1ee3c&#8221; v\u00e0 kh\u00f4ng qu\u00e1 cao nh\u01b0 b\u1ea1n ngh\u0129, gi\u1ea3i ph\u00e1p l\u01b0u tr\u1eef \u0111i\u1ec7n to\u00e1n \u0111\u00e1m m\u00e2y (Cloud Storage) s\u1ebd gi\u00fap b\u1ea1n \u0111\u01b0\u1ee3c nhi\u1ec1u l\u1ee3i \u00edch h\u01a1n, b\u1ea1n n\u00ean tham kh\u1ea3o v\u00e0 tr\u1ea3i nghi\u1ec7m d\u1ecbch v\u1ee5 n\u00e0y \u0111\u1ec3 th\u1ea5y hi\u1ec7u qu\u1ea3 r\u00f5 r\u1ec7t do n\u00f3 mang l\u1ea1i.<\/p>\n<p style=\"text-align: justify;\"><strong>Chi ph\u00ed tham kh\u1ea3o:<\/strong><\/p>\n<ul>\n<li style=\"text-align: justify;\"><b><span style=\"color: #ff0000;\">100.000 VN\u0110\/camera\/th\u00e1ng<\/span>: <\/b><strong>L\u01b0u tr\u1eef ghi h\u00ecnh li\u00ean t\u1ee5c 10 ng\u00e0y.<\/strong><\/li>\n<li style=\"text-align: justify;\">200.000 VN\u0110\/camera\/th\u00e1ng: L\u01b0u tr\u1eef ghi h\u00ecnh li\u00ean t\u1ee5c 20 ng\u00e0y.<\/li>\n<li style=\"text-align: justify;\">300.000 VN\u0110\/camera\/th\u00e1ng: L\u01b0u tr\u1eef ghi h\u00ecnh li\u00ean t\u1ee5c 30 ng\u00e0y<\/li>\n<li style=\"text-align: justify;\">600.000 VN\u0110\/camera\/th\u00e1ng: L\u01b0u tr\u1eef ghi h\u00ecnh li\u00ean t\u1ee5c 60\u00a0ng\u00e0y<\/li>\n<li style=\"text-align: justify;\">900.000 VN\u0110\/camera\/th\u00e1ng: L\u01b0u tr\u1eef ghi h\u00ecnh li\u00ean t\u1ee5c 90\u00a0ng\u00e0y.<\/li>\n<li style=\"text-align: justify;\">1.500.000 VN\u0110\/camera\/th\u00e1ng: L\u01b0u tr\u1eef ghi h\u00ecnh li\u00ean t\u1ee5c 180\u00a0ng\u00e0y.<\/li>\n<li style=\"text-align: justify;\">2.500.000 VN\u0110\/camera\/th\u00e1ng: L\u01b0u tr\u1eef ghi h\u00ecnh li\u00ean t\u1ee5c 365\u00a0ng\u00e0y.<\/li>\n<\/ul>\n<p>V\u1edbi c\u00e1c nhu c\u1ea7u ghi h\u00ecnh li\u00ean t\u1ee5c v\u00e0 l\u01b0u tr\u1eef li\u00ean t\u1ee5c tr\u00ean 1 n\u0103m tr\u1edf l\u00ean, vui l\u00f2ng li\u00ean h\u1ec7 tr\u1ef1c ti\u1ebfp \u0111\u1ec3 nh\u1eadn \u0111\u01b0\u1ee3c b\u00e1o gi\u00e1 t\u1ed1t nh\u1ea5t.<\/p>\n<p>Qu\u00fd kh\u00e1ch c\u00f3 nhu c\u1ea7u vui l\u00f2ng li\u00ean h\u1ec7 tr\u1ef1c ti\u1ebfp <strong>0987 238 239<\/strong> ho\u1eb7c 04 6673 7007 \u0111\u1ec3 \u0111\u01b0\u1ee3c t\u01b0 v\u1ea5n v\u00e0 l\u1ef1a ch\u1ecdn d\u1ecbch v\u1ee5 ph\u00f9 h\u1ee3p, hi\u1ec7u qu\u1ea3 s\u1eed d\u1ee5ng, hi\u1ec7u qu\u1ea3 kinh t\u1ebf.<\/p>\n","protected":false},"excerpt":{"rendered":"<p>Cloud Storage for Camera\u00a0&#8211; Ghi h\u00ecnh camera l\u00ean \u1ed5 c\u1ee9ng \u0111\u00e1m m\u00e2y L\u01b0u tr\u1eef video ghi h\u00ecnh l\u00e0 th\u00e0nh ph\u1ea7n kh\u00f4ng th\u1ec3 thi\u1ebfu trong 1 h\u1ec7 th\u1ed1ng camera gi\u00e1m s\u00e1t ho\u1eb7c trong 1 Camera gi\u00e1m s\u00e1t \u0111\u01a1n l\u1ebb. C\u00e1c m\u00f4 h\u00ecnh l\u01b0u tr\u1eef video camera truy\u1ec1n th\u1ed1ng th\u01b0\u1eddng d\u00f9ng c\u00e1c thi\u1ebft b\u1ecb l\u01b0u tr\u1eef c\u1ee5c [&hellip;]<\/p>\n","protected":false},"author":1,"featured_media":0,"parent":0,"menu_order":0,"comment_status":"closed","ping_status":"closed","template":"page-sidebar.php","meta":{"footnotes":""},"_links":{"self":[{"href":"https:\/\/camerayoosee.com\/v1\/wp-json\/wp\/v2\/pages\/1188"}],"collection":[{"href":"https:\/\/camerayoosee.com\/v1\/wp-json\/wp\/v2\/pages"}],"about":[{"href":"https:\/\/camerayoosee.com\/v1\/wp-json\/wp\/v2\/types\/page"}],"author":[{"embeddable":true,"href":"https:\/\/camerayoosee.com\/v1\/wp-json\/wp\/v2\/users\/1"}],"replies":[{"embeddable":true,"href":"https:\/\/camerayoosee.com\/v1\/wp-json\/wp\/v2\/comments?post=1188"}],"version-history":[{"count":9,"href":"https:\/\/camerayoosee.com\/v1\/wp-json\/wp\/v2\/pages\/1188\/revisions"}],"predecessor-version":[{"id":1545,"href":"https:\/\/camerayoosee.com\/v1\/wp-json\/wp\/v2\/pages\/1188\/revisions\/1545"}],"wp:attachment":[{"href":"https:\/\/camerayoosee.com\/v1\/wp-json\/wp\/v2\/media?parent=1188"}],"curies":[{"name":"wp","href":"https:\/\/api.w.org\/{rel}","templated":true}]}}