{"id":135,"date":"2013-03-06T04:45:49","date_gmt":"2013-03-06T04:45:49","guid":{"rendered":"http:\/\/demos.shapingrain.com\/justlandedwp\/?page_id=135"},"modified":"2021-09-10T21:01:46","modified_gmt":"2021-09-10T14:01:46","slug":"contact-us","status":"publish","type":"page","link":"https:\/\/camerayoosee.com\/v1\/contact-us","title":{"rendered":"Li\u00ean h\u1ec7"},"content":{"rendered":"<hr \/>\n<p><strong>Ph\u00e2n ph\u1ed1i, b\u00e1n s\u1ec9, b\u00e1n l\u1ebb camera wifi YooSee ch\u1ea5t l\u01b0\u1ee3ng cao<\/strong><\/p>\n<p><b>CCTV VI\u1ec6T NAM<\/b><\/p>\n<ul>\n<li>S\u1ed1 32 Mai H\u1eafc \u0110\u1ebf, Hai B\u00e0 Tr\u01b0ng, H\u00e0 N\u1ed9i<\/li>\n<li>\u0110i\u1ec7n tho\u1ea1i: 024 6673 7007 &#8211; Fax: 024 6278 3136<\/li>\n<li>Gi\u1edd l\u00e0m vi\u1ec7c h\u00e0nh ch\u00ednh: S\u00e1ng t\u1eeb 8h00 &#8211; 12h00, Chi\u1ec1u t\u1eeb 13h30 &#8211; 17h30<\/li>\n<li>Email: info@camerayoosee.com &#8211; Facebook: https:\/\/facebook.com\/yooseecamera &#8211; \/cameraanninhgiamsat<\/li>\n<li>Service page: <a href=\"http:\/\/www.camerayoosee.com\" target=\"_blank\" rel=\"noopener\">www.camerayoosee.com<\/a> &#8211; <a href=\"http:\/\/www.cctvvietnam.com\" target=\"_blank\" rel=\"noopener\">www.cctvvietnam.com<\/a> &#8211; <a href=\"http:\/\/www.xmeye.vn\" target=\"_blank\" rel=\"noopener\">www.xmeye.vn<\/a><\/li>\n<\/ul>\n","protected":false},"excerpt":{"rendered":"<p>Ph\u00e2n ph\u1ed1i, b\u00e1n s\u1ec9, b\u00e1n l\u1ebb camera wifi YooSee ch\u1ea5t l\u01b0\u1ee3ng cao CCTV VI\u1ec6T NAM S\u1ed1 32 Mai H\u1eafc \u0110\u1ebf, Hai B\u00e0 Tr\u01b0ng, H\u00e0 N\u1ed9i \u0110i\u1ec7n tho\u1ea1i: 024 6673 7007 &#8211; Fax: 024 6278 3136 Gi\u1edd l\u00e0m vi\u1ec7c h\u00e0nh ch\u00ednh: S\u00e1ng t\u1eeb 8h00 &#8211; 12h00, Chi\u1ec1u t\u1eeb 13h30 &#8211; 17h30 Email: info@camerayoosee.com &#8211; Facebook: https:\/\/facebook.com\/yooseecamera [&hellip;]<\/p>\n","protected":false},"author":1,"featured_media":0,"parent":0,"menu_order":0,"comment_status":"closed","ping_status":"open","template":"page-sidebar.php","meta":{"footnotes":""},"_links":{"self":[{"href":"https:\/\/camerayoosee.com\/v1\/wp-json\/wp\/v2\/pages\/135"}],"collection":[{"href":"https:\/\/camerayoosee.com\/v1\/wp-json\/wp\/v2\/pages"}],"about":[{"href":"https:\/\/camerayoosee.com\/v1\/wp-json\/wp\/v2\/types\/page"}],"author":[{"embeddable":true,"href":"https:\/\/camerayoosee.com\/v1\/wp-json\/wp\/v2\/users\/1"}],"replies":[{"embeddable":true,"href":"https:\/\/camerayoosee.com\/v1\/wp-json\/wp\/v2\/comments?post=135"}],"version-history":[{"count":20,"href":"https:\/\/camerayoosee.com\/v1\/wp-json\/wp\/v2\/pages\/135\/revisions"}],"predecessor-version":[{"id":3840,"href":"https:\/\/camerayoosee.com\/v1\/wp-json\/wp\/v2\/pages\/135\/revisions\/3840"}],"wp:attachment":[{"href":"https:\/\/camerayoosee.com\/v1\/wp-json\/wp\/v2\/media?parent=135"}],"curies":[{"name":"wp","href":"https:\/\/api.w.org\/{rel}","templated":true}]}}